{"id":1691,"date":"2013-12-30T15:51:44","date_gmt":"2013-12-30T13:51:44","guid":{"rendered":"http:\/\/ttc-eggenfelden.de\/ttc\/?page_id=1691"},"modified":"2024-07-03T17:42:50","modified_gmt":"2024-07-03T15:42:50","slug":"die-geschichte-des-ttc","status":"publish","type":"page","link":"https:\/\/ttc-eggenfelden.de\/ttc\/chronik\/die-geschichte-des-ttc\/","title":{"rendered":"Die Geschichte des TTC"},"content":{"rendered":"<style>\n  table {\n    border-collapse: collapse;\n    width: 100%;\n  }\n  th, td {\n    border: 1px solid black;\n    padding: 8px;\n    text-align: left;\n  }\n<\/style>\n<table>\n<tbody>\n<tr>\n<td>1934<\/td>\n<td>Am 24. Mai wird der TTC Eggenfelden nach einem Freundschaftsspiel gegr\u00fcndet. Zum Clubf\u00fchrer wird Dr. Hans Steiger bestellt.<\/td>\n<\/tr>\n<tr>\n<td>1936<\/td>\n<td>Nach zwei Jahren mit teils beachtlichen Erfolgen muss der Spielbetrieb aus politischen Gr\u00fcnden eingestellt werden.<\/td>\n<\/tr>\n<tr>\n<td>1946<\/td>\n<td>Mit Erlaubnis der Milit\u00e4rregierung wird der TTC am 15. M\u00e4rz zum zweiten Mal gegr\u00fcndet. Ludwig Jaizay wird 1. Vorsitzender.<\/td>\n<\/tr>\n<tr>\n<td>1951<\/td>\n<td>Sowohl die Damen- als auch die Herrenmannschaft werden &#8222;Oberbayerische Mannschaftsmeister&#8220;.<\/td>\n<\/tr>\n<tr>\n<td>1958<\/td>\n<td>Am 1. September kam es zum zweiten &#8222;Aus&#8220; f\u00fcr den TTC. Weder Spiellokal noch Trainingsst\u00e4tte konnten gefunden werden.<\/td>\n<\/tr>\n<tr>\n<td>1965<\/td>\n<td>G\u00fcnther Bugl l\u00e4sst den Tischtennissport bei der Kolpingsfamilie wieder aufleben.<\/td>\n<\/tr>\n<tr>\n<td>1972<\/td>\n<td>Am 1. August fusionierten die Sportgemeinschaft Kolping und der TTC zum TTC Eggenfelden.<\/td>\n<\/tr>\n<tr>\n<td>1981<\/td>\n<td>Erstmals Aufstieg der 1. Mannschaft in die 1. Bezirksliga.<\/td>\n<\/tr>\n<tr>\n<td>1992<\/td>\n<td>Endg\u00fcltige Verabschiedung aus dem niederbayerischen Oberhaus.<\/td>\n<\/tr>\n<tr>\n<td>1999<\/td>\n<td>Die 1. Herrenmannschaft steigt wieder in die 1. Bezirksliga auf.<\/td>\n<\/tr>\n<tr>\n<td>2004<\/td>\n<td>Die 1. Herrenmannschaft steigt in die Landesliga auf und wird zur Mannschaft des Jahres im Landkreis Rottal-Inn und zum Verein des Jahres der Stadt Eggenfelden gew\u00e4hlt. R\u00fcckzug aus der Landesliga im Jahr 2008.<\/td>\n<\/tr>\n<tr>\n<td>2005<\/td>\n<td>Die 1. Jugendmannschaft schafft den Aufstieg in die Bayernliga und spielt dort ein Jahr.<\/td>\n<\/tr>\n<tr>\n<td>2009<\/td>\n<td>Der TTC Eggenfelden feiert am 24. Mai sein 75-j\u00e4hriges Jubil\u00e4um.<\/td>\n<\/tr>\n<tr>\n<td>2010<\/td>\n<td>Erwin Schmelzl wird mit dem Titel \u201ePers\u00f6nlichkeit des Jahres 2009\u201c f\u00fcr seine Verdienste im Bereich Jugendarbeit von der Stadt ausgezeichnet.<\/td>\n<\/tr>\n<tr>\n<td>2011<\/td>\n<td>Die 1. Herrenmannschaft steigt aus der Kreisliga in die 3. Bezirksliga auf; die 1. Jugendmannschaft wird Meister in der 2. BL Niederbayern.<\/td>\n<\/tr>\n<tr>\n<td>2012<\/td>\n<td>Die 1. Jugendmannschaft holt sich die Pl\u00e4tze 1 in der 2. BL und beim Bezirkspokal. Natthawut Traipis erringt am 1.\/2. Dezember in Altenkunstadt den 4. Platz bei den Bayerischen Meisterschaften der Klasse B.<\/td>\n<\/tr>\n<tr>\n<td>2013<\/td>\n<td>Natthawut Traipis erh\u00e4lt eine dreifache Ehrung: \u201eSportler des Jahres\u201c der Stadt Eggenfelden, \u201eRottaler Jugendpreis\u201c der Rottaler Volksbank-Raiffeisenbank, Ehrung des Landkreises f\u00fcr seine besonderen Leistungen. Bei den Deutschen Meisterschaften in Bad Homburg scheidet er nach drei knappen Niederlagen in der Vorrunde aus. Die 1. Herrenmannschaft steigt von der 3. in die 2. BL auf.<\/td>\n<\/tr>\n<tr>\n<td>2014<\/td>\n<td>Eva Herrmann erh\u00e4lt die Sportler-Ehrenplakette der Stadt f\u00fcr ihre zahlreichen Verdienste um den Tischtennissport.<\/td>\n<\/tr>\n<tr>\n<td>2015<\/td>\n<td>Die 1. Jugendmannschaft holt sich den Meistertitel (40:0) in der 2. BL mit ihrem \u00fcberragenden Akteur Moritz Schibalsky (26:1).<\/td>\n<\/tr>\n<tr>\n<td>2016<\/td>\n<td>Die 1. Jugendmannschaft gewinnt das niederbayerische Pokalfinale gegen TTC Fortuna Passau. Bei den Bayerischen Pokalmeisterschaften in Ochsenfurt erreichte sie Platz 5.<\/td>\n<\/tr>\n<tr>\n<td>2017<\/td>\n<td>Die 1. Jugendmannschaft (Luca Fechtner, Kilian Reiter, Moritz Schibalsky) wird bei der Sportlerehrung der Stadt Eggenfelden f\u00fcr ihre zahlreichen Erfolge (Mannschaft, Pokal, Einzel) als \u201eMannschaft des Jahres 2016\u201c geehrt.<\/td>\n<\/tr>\n<tr>\n<td>2020<\/td>\n<td>Die 1. Herrenmannschaft steigt als Vizemeister &#8211; nach nur 11 absolvierten Spielen &#8211; in die Bezirksoberliga auf. Aufgrund der Corona-Krise wurde die Saison vorzeitig abgebrochen. Nach Protesten einiger Vereine erm\u00f6glichte der BTTV auch den aktuellen Tabellenzweiten den Aufstieg.<\/td>\n<\/tr>\n<\/tbody>\n<\/table>\n<p><!--\n[table colwidth=\"50\" colalign=\"left|left\"]\n,\n1934,Am 24. Mai wird der TTC Eggenfelden nach einem Freundschaftsspiel gegr\u00fcndet. Zum Clubf\u00fchrer wird Dr. Hans Steiger bestellt.\n1936,Nach zwei Jahren mit teils beachtlichen Erfolgen muss der Spielbetrieb aus politischen Gr\u00fcnden eingestellt werden.\n1946,Mit Erlaubnis der Milit\u00e4rregierung wird der TTC am 15. M\u00e4rz zum zweiten Mal gegr\u00fcndet. Ludwig Jaizay wird 1. Vorsitzender.\n1951,Sowohl die Damen- als auch die Herrenmannschaft werden \"Oberbayerische Mannschaftsmeister\".\n1958,Am 1. September kam es zum zweiten \"Aus\" f\u00fcr den TTC. Weder Spiellokal noch Trainingsst\u00e4tte konnten gefunden werden.\n1965,G\u00fcnther Bugl l\u00e4sst den Tischtennissport bei der Kolpingsfamilie wieder aufleben.\n1972,Am 1. August fusionierten die Sportgemeinschaft Kolping und der TTC zum TTC Eggenfelden.\n1981,Erstmals Aufstieg der 1. Mannschaft in die 1. Bezirksliga.\n1992,Endg\u00fcltige Verabschiedung aus dem niederbayerischen Oberhaus.\n1999,Die 1. Herrenmannschaft steigt wieder in die 1. Bezirksliga auf.\n2004,Die 1. Herrenmannschaft steigt in die Landesliga auf und wird zur Mannschaft des Jahres im Landkreis Rottal-Inn und zum Verein des Jahres der Stadt Eggenfelden gew\u00e4hlt. R\u00fcckzug aus der Landesliga im Jahr 2008.\n2005,Die 1. Jugendmannschaft schafft den Aufstieg in die Bayernliga und spielt dort ein Jahr.\n2009,Der TTC Eggenfelden feiert am 24. Mai sein 75-j\u00e4hriges Jubil\u00e4um.\n2010,Erwin Schmelzl wird mit dem Titel \u201ePers\u00f6nlichkeit des Jahres 2009\u201c f\u00fcr seine Verdienste im Bereich Jugendarbeit von der Stadt ausgezeichnet.\n2011,Die 1. Herrenmannschaft steigt aus der Kreisliga in die 3. Bezirksliga auf; die 1. Jugendmannschaft wird Meister in der 2. BL Niederbayern\n2012,Die 1. Jugendmannschaft holt sich die Pl\u00e4tze 1 in der 2. BL und beim Bezirkspokal. Natthawut Traipis erringt am 1.\/2. Dezember in Altenkunstadt den 4. Platz bei den Bayerischen Meisterschaften der Klasse B.\n2013,Natthawut Traipis erh\u00e4lt eine dreifache Ehrung: \u201eSportler des Jahres\u201c der Stadt Eggenfelden&#44; \u201eRottaler Jugendpreis\u201c der Rottaler Volksbank-Raiffeisenbank&#44; Ehrung des Landkreises f\u00fcr seine besonderen Leistungen.~~Bei den Deutschen Meisterschaften in Bad Homburg scheidet er nach drei knappen Niederlagen in der Vorrunde aus. ~~Die 1. Herrenmannschaft steigt von der 3. in die 2. BL auf.\n2014,Eva Herrmann erh\u00e4lt die Sportler-Ehrenplakette der Stadt f\u00fcr ihre zahlreichen Verdienste um den Tischtennissport.\n2015,Die 1. Jugendmannschaft holt sich den Meistertitel (40:0) in der 2. BL mit ihrem \u00fcberragenden Akteur Moritz Schibalsky (26:1).\n2016,Die 1. Jugendmannschaft gewinnt das niederbayerische Pokalfinale gegen TTC Fortuna Passau. Bei den Bayerischen Pokalmeisterschaften in Ochsenfurt erreichte sie Platz 5.\n2017,Die 1. Jugendmannschaft (Luca Fechtner&#44; Kilian Reiter&#44; Moritz Schibalsky) wird bei der Sportlerehrung der Stadt Eggenfelden f\u00fcr ihre zahlreichen Erfolge (Mannschaft&#44; Pokal&#44; Einzel) als \u201eMannschaft des Jahres 2016\u201c geehrt.\n2020,Die 1. Herrenmannschaft steigt als Vizemeister - nach nur 11 absolvierten Spielen - in die Bezirksoberliga auf. Aufgrund der Corona-Krise wurde die Saison vorzeitig abgebrochen. Nach Protesten einiger Vereine erm\u00f6glichte der BTTV auch den aktuellen Tabellenzweiten den Aufstieg.\n,\n[\/table]\n--><\/p>\n","protected":false},"excerpt":{"rendered":"<p>1934 Am 24. Mai wird der TTC Eggenfelden nach einem Freundschaftsspiel gegr\u00fcndet. Zum Clubf\u00fchrer wird Dr. Hans Steiger bestellt. 1936 Nach zwei [&hellip;]<\/p>\n","protected":false},"author":4,"featured_media":0,"parent":1687,"menu_order":0,"comment_status":"open","ping_status":"open","template":"","meta":{"footnotes":""},"_links":{"self":[{"href":"https:\/\/ttc-eggenfelden.de\/ttc\/wp-json\/wp\/v2\/pages\/1691"}],"collection":[{"href":"https:\/\/ttc-eggenfelden.de\/ttc\/wp-json\/wp\/v2\/pages"}],"about":[{"href":"https:\/\/ttc-eggenfelden.de\/ttc\/wp-json\/wp\/v2\/types\/page"}],"author":[{"embeddable":true,"href":"https:\/\/ttc-eggenfelden.de\/ttc\/wp-json\/wp\/v2\/users\/4"}],"replies":[{"embeddable":true,"href":"https:\/\/ttc-eggenfelden.de\/ttc\/wp-json\/wp\/v2\/comments?post=1691"}],"version-history":[{"count":20,"href":"https:\/\/ttc-eggenfelden.de\/ttc\/wp-json\/wp\/v2\/pages\/1691\/revisions"}],"predecessor-version":[{"id":7153,"href":"https:\/\/ttc-eggenfelden.de\/ttc\/wp-json\/wp\/v2\/pages\/1691\/revisions\/7153"}],"up":[{"embeddable":true,"href":"https:\/\/ttc-eggenfelden.de\/ttc\/wp-json\/wp\/v2\/pages\/1687"}],"wp:attachment":[{"href":"https:\/\/ttc-eggenfelden.de\/ttc\/wp-json\/wp\/v2\/media?parent=1691"}],"curies":[{"name":"wp","href":"https:\/\/api.w.org\/{rel}","templated":true}]}}