{"id":149,"date":"2013-12-24T17:20:00","date_gmt":"2013-12-24T15:20:00","guid":{"rendered":"http:\/\/ttc-eggenfelden.de\/ttc\/?page_id=149"},"modified":"2024-11-29T23:47:39","modified_gmt":"2024-11-29T21:47:39","slug":"mitgliedschaft","status":"publish","type":"page","link":"https:\/\/ttc-eggenfelden.de\/ttc\/mitgliedschaft\/","title":{"rendered":"Mitgliedschaft"},"content":{"rendered":"<h2>Aufnahmeantrag<\/h2>\n<p><a href=\"https:\/\/ttc-eggenfelden.de\/ttc\/wp-content\/uploads\/2024\/11\/Aufnahmeantrag-SEPA-Datenschutzerkla-rung-Erwachsene-29.11.2024-10-4.pdf\" target=\"_blank\" rel=\"noopener\">Aufnahmeantrag als PDF-Datei \u00f6ffnen<\/a><\/p>\n<p>&nbsp;<\/p>\n<h2>Mitgliedsbeitr\u00e4ge<\/h2>\n<p><a href=\"http:\/\/ttc-eggenfelden.de\/ttc\/wp-content\/uploads\/2013\/12\/TTC-Eggenfelden-Mitgliedsbeitr\u00e4ge-ab-2016.pdf\" target=\"_blank\" rel=\"noopener\"> Mitgliedsbeitr\u00e4ge ansehen<\/a><\/p>\n<p>&nbsp;<\/p>\n<h2>Satzung<\/h2>\n<p><a href=\"http:\/\/ttc-eggenfelden.de\/ttc\/wp-content\/uploads\/2013\/12\/2016-Neufassung-Satzung-27.11.2016.pdf\" target=\"_blank\" rel=\"noopener\">Satzung ansehen<\/a><\/p>\n","protected":false},"excerpt":{"rendered":"<p>Aufnahmeantrag Aufnahmeantrag als PDF-Datei \u00f6ffnen &nbsp; Mitgliedsbeitr\u00e4ge Mitgliedsbeitr\u00e4ge ansehen &nbsp; Satzung Satzung ansehen<\/p>\n","protected":false},"author":4,"featured_media":0,"parent":0,"menu_order":0,"comment_status":"open","ping_status":"closed","template":"","meta":{"footnotes":""},"_links":{"self":[{"href":"https:\/\/ttc-eggenfelden.de\/ttc\/wp-json\/wp\/v2\/pages\/149"}],"collection":[{"href":"https:\/\/ttc-eggenfelden.de\/ttc\/wp-json\/wp\/v2\/pages"}],"about":[{"href":"https:\/\/ttc-eggenfelden.de\/ttc\/wp-json\/wp\/v2\/types\/page"}],"author":[{"embeddable":true,"href":"https:\/\/ttc-eggenfelden.de\/ttc\/wp-json\/wp\/v2\/users\/4"}],"replies":[{"embeddable":true,"href":"https:\/\/ttc-eggenfelden.de\/ttc\/wp-json\/wp\/v2\/comments?post=149"}],"version-history":[{"count":19,"href":"https:\/\/ttc-eggenfelden.de\/ttc\/wp-json\/wp\/v2\/pages\/149\/revisions"}],"predecessor-version":[{"id":7342,"href":"https:\/\/ttc-eggenfelden.de\/ttc\/wp-json\/wp\/v2\/pages\/149\/revisions\/7342"}],"wp:attachment":[{"href":"https:\/\/ttc-eggenfelden.de\/ttc\/wp-json\/wp\/v2\/media?parent=149"}],"curies":[{"name":"wp","href":"https:\/\/api.w.org\/{rel}","templated":true}]}}